{"id":1160,"date":"2018-07-20T13:29:08","date_gmt":"2018-07-20T13:29:08","guid":{"rendered":"http:\/\/terrasec-eu.pixel-tech-solutions.cyou\/?page_id=1160"},"modified":"2023-11-02T13:10:39","modified_gmt":"2023-11-02T13:10:39","slug":"impressum","status":"publish","type":"page","link":"https:\/\/terrasec.eu\/?page_id=1160","title":{"rendered":"Impressum"},"content":{"rendered":"<div class=\"wpb-content-wrapper\"><p>[vc_row full_height=&#8220;yes&#8220; row_type=&#8220;full_width&#8220; type=&#8220;container&#8220;][vc_column content_align=&#8220;text-center&#8220; p_top=&#8220;58px&#8220; p_bottom=&#8220;10px&#8220;][vc_empty_space]<div class=\"wbc-heading clearfix\"><h3 class=\"default-heading\" >Impressum<\/h3><\/div>[vc_column_text]<strong>TerraSec Sicherheitsdienste e.K.<\/strong><\/p>\n<p>Sitz und Gesch\u00e4ftsstelle der Firma ist 65205 Wiesbaden-Delkenheim, Berta-Cramer-Ring 40.<br \/>\nGesch\u00e4ftsf\u00fchrer ist Herr Siegfried Renner<\/p>\n<p>Eingetragen ist die Firma bei Amtsgericht in Wiesbaden unter der Nummer HRA 10610<br \/>\nTel. 06122 170920<br \/>\nFax 06122 17092 55<br \/>\nMail: info@TerraSec.eu<br \/>\nWebseite: www.TerraSec.eu<br \/>\nSteuer-Nummer: 043 860 32688[\/vc_column_text][\/vc_column][\/vc_row]<\/p>\n<\/div>","protected":false},"excerpt":{"rendered":"<p>[vc_row full_height=&#8220;yes&#8220; row_type=&#8220;full_width&#8220; type=&#8220;container&#8220;][vc_column content_align=&#8220;text-center&#8220; p_top=&#8220;58px&#8220; p_bottom=&#8220;10px&#8220;][vc_empty_space][vc_column_text]TerraSec Sicherheitsdienste e.K. Sitz und Gesch\u00e4ftsstelle der Firma ist 65205 Wiesbaden-Delkenheim, Berta-Cramer-Ring 40. Gesch\u00e4ftsf\u00fchrer ist Herr Siegfried Renner Eingetragen ist die Firma bei Amtsgericht in Wiesbaden unter der Nummer HRA 10610 Tel. 06122 170920 Fax 06122 17092 55 Mail: info@TerraSec.eu Webseite: www.TerraSec.eu Steuer-Nummer: 043 860 32688[\/vc_column_text][\/vc_column][\/vc_row]<\/p>\n","protected":false},"author":3,"featured_media":0,"parent":0,"menu_order":90,"comment_status":"open","ping_status":"open","template":"template-page-full.php","meta":{"footnotes":""},"_links":{"self":[{"href":"https:\/\/terrasec.eu\/index.php?rest_route=\/wp\/v2\/pages\/1160"}],"collection":[{"href":"https:\/\/terrasec.eu\/index.php?rest_route=\/wp\/v2\/pages"}],"about":[{"href":"https:\/\/terrasec.eu\/index.php?rest_route=\/wp\/v2\/types\/page"}],"author":[{"embeddable":true,"href":"https:\/\/terrasec.eu\/index.php?rest_route=\/wp\/v2\/users\/3"}],"replies":[{"embeddable":true,"href":"https:\/\/terrasec.eu\/index.php?rest_route=%2Fwp%2Fv2%2Fcomments&post=1160"}],"version-history":[{"count":6,"href":"https:\/\/terrasec.eu\/index.php?rest_route=\/wp\/v2\/pages\/1160\/revisions"}],"predecessor-version":[{"id":1238,"href":"https:\/\/terrasec.eu\/index.php?rest_route=\/wp\/v2\/pages\/1160\/revisions\/1238"}],"wp:attachment":[{"href":"https:\/\/terrasec.eu\/index.php?rest_route=%2Fwp%2Fv2%2Fmedia&parent=1160"}],"curies":[{"name":"wp","href":"https:\/\/api.w.org\/{rel}","templated":true}]}}