{"id":1239,"date":"2023-11-02T13:11:38","date_gmt":"2023-11-02T13:11:38","guid":{"rendered":"https:\/\/terrasec.eu\/?page_id=1239"},"modified":"2024-02-08T12:54:16","modified_gmt":"2024-02-08T12:54:16","slug":"werk-und-objektschutz","status":"publish","type":"page","link":"https:\/\/terrasec.eu\/?page_id=1239","title":{"rendered":"Werk- und Objektschutz"},"content":{"rendered":"<div class=\"wpb-content-wrapper\"><p>[vc_row full_height=&#8220;yes&#8220; row_type=&#8220;full_width&#8220; type=&#8220;container&#8220;][vc_column p_top=&#8220;58px&#8220; p_bottom=&#8220;10px&#8220;][vc_empty_space height=&#8220;125px&#8220;]<div class=\"wbc-heading clearfix\"><h1 class=\"default-heading\" >Werk- und Objektschutz<\/h1><\/div>[vc_empty_space height=&#8220;50px&#8220;]<div class=\"wbc-heading clearfix\"><h2 class=\"default-heading\" >Rechenzentren Sicherheit<\/h2><\/div>[vc_column_text]Auch wenn sich die modernen Rechenzentren heute immer schneller und h\u00e4ufiger neuen Gefahren stellen m\u00fcssen, so ist der physische Zugangsschutz ein nach wie vor wichtiger Baustein eines umfassenden Sicherheitskonzeptes. Stromversorgung, Klimatisierung, Kommunikationsanbindung, Brandschutz, Geb\u00e4udesicherung und restriktive Zutrittsregelungen sind hierbei zu nennen. Nur durch ein ganzheitliches Konzept und die Verzahnung von Bereichen und Systemen kann die Leistungsf\u00e4higkeit und die Sicherheit dargestellt werden.<\/p>\n<p>TerraSec hat sich durch die jahrelange praktische Erfahrung in Rechenzentren Beh\u00f6rdlichen sowie in der freien Marktwirtschaft eine hohe Kompetenz erworben.<\/p>\n<p>Unser Konzept der Rechenzentren spezifischen Perimeter \u00dcberwachung beinhaltet die folgenden Aspekte:<\/p>\n<ul>\n<li>zum Gel\u00e4nde<\/li>\n<li>zum Geb\u00e4ude<\/li>\n<li>zum Rechenzentrum<\/li>\n<li>zum Cage \/ Rack \/ Server<\/li>\n<\/ul>\n<p>Entschiedene Zugangskontrollen sorgen f\u00fcr einen sicheren Umgang mit empfindlichen Daten und sind Aush\u00e4ngeschild ihres Rechenzentrums. F\u00fcr die zuverl\u00e4ssige Bew\u00e4ltigung dieser Aufgabe steht die TerraSec Sicherheitsdienste e.K.[\/vc_column_text][vc_empty_space height=&#8220;100px&#8220;]<div class=\"wbc-heading clearfix\"><h3 class=\"default-heading\" >Werk- und Objektschutz<\/h3><\/div>[vc_column_text]<strong>TerraSec Sicherheitsdienste e.K. sorgt f\u00fcr Sicherheit in Ihrem Unternehmen.<\/strong><\/p>\n<p>Eine unserer Hauptt\u00e4tigkeiten ist der Schutz, die Sicherheit und die \u00dcberwachung Ihrer Geb\u00e4ude, Anlagen und G\u00fcter. Wir arbeiten auf der Basis von vorhandenen Konzepten oder erstellen sie mit Ihnen.<br \/>\nSomit ist von Anfang an ein hohes Ma\u00df an Schutz und Sicherheit zu gew\u00e4hrleisten.<\/p>\n<p>Ein Sicherheitskonzpet ist jedoch l\u00e4ngst kein statitisches Intrument, sondern wird st\u00e4ndig \u00fcberpr\u00fcft, weiterentwickelt und angepasst.<\/p>\n<p>Unsere erfahrenen Sicherheitskr\u00e4fte erkennen im Einsatz oft schon im Voraus Bedrohungen und Gef\u00e4hrdungen unterschiedlichster Art und Form und geben diese sofort an Sie und uns weiter.<br \/>\nWir \u00fcbernehmen Verantwortung f\u00fcr die Sicherheit Ihres Umfeldes und Ihrer Objekte in allen Bereichen. Wir halten, was wir versprechen.<\/p>\n<p>Wir stehen hnen mit unserer langj\u00e4hrigen Erfahrung zur Seite, f\u00fchren fortlaufend Schulungen zur Weiterbildung durch, passen die Konzepte an und bleiben hierzu mit Ihnen in Kontakt.<\/p>\n<p>Einige Sicherheitsdienstleistungen:<\/p>\n<ul>\n<li>Pfortendienste<\/li>\n<li>Schlie\u00dfdienste<\/li>\n<li>Schl\u00fcsseldienste<\/li>\n<li>Kontrolldienste<\/li>\n<li>Streifendienste<\/li>\n<li>Bewachungsdienste<\/li>\n<li>Zugangskontrolldienste<\/li>\n<li>Revierdienste<\/li>\n<\/ul>\n<p>[\/vc_column_text][\/vc_column][\/vc_row]<\/p>\n<\/div>","protected":false},"excerpt":{"rendered":"<p>[vc_row full_height=&#8220;yes&#8220; row_type=&#8220;full_width&#8220; type=&#8220;container&#8220;][vc_column p_top=&#8220;58px&#8220; p_bottom=&#8220;10px&#8220;][vc_empty_space height=&#8220;125px&#8220;][vc_empty_space height=&#8220;50px&#8220;][vc_column_text]Auch wenn sich die modernen Rechenzentren heute immer schneller und h\u00e4ufiger neuen Gefahren stellen m\u00fcssen, so ist der physische Zugangsschutz ein nach wie vor wichtiger Baustein eines umfassenden Sicherheitskonzeptes. Stromversorgung, Klimatisierung, Kommunikationsanbindung, Brandschutz, Geb\u00e4udesicherung und restriktive Zutrittsregelungen sind hierbei zu nennen. Nur durch ein ganzheitliches Konzept und die [&hellip;]<\/p>\n","protected":false},"author":2,"featured_media":0,"parent":0,"menu_order":20,"comment_status":"open","ping_status":"open","template":"template-page-full.php","meta":{"footnotes":""},"_links":{"self":[{"href":"https:\/\/terrasec.eu\/index.php?rest_route=\/wp\/v2\/pages\/1239"}],"collection":[{"href":"https:\/\/terrasec.eu\/index.php?rest_route=\/wp\/v2\/pages"}],"about":[{"href":"https:\/\/terrasec.eu\/index.php?rest_route=\/wp\/v2\/types\/page"}],"author":[{"embeddable":true,"href":"https:\/\/terrasec.eu\/index.php?rest_route=\/wp\/v2\/users\/2"}],"replies":[{"embeddable":true,"href":"https:\/\/terrasec.eu\/index.php?rest_route=%2Fwp%2Fv2%2Fcomments&post=1239"}],"version-history":[{"count":6,"href":"https:\/\/terrasec.eu\/index.php?rest_route=\/wp\/v2\/pages\/1239\/revisions"}],"predecessor-version":[{"id":1258,"href":"https:\/\/terrasec.eu\/index.php?rest_route=\/wp\/v2\/pages\/1239\/revisions\/1258"}],"wp:attachment":[{"href":"https:\/\/terrasec.eu\/index.php?rest_route=%2Fwp%2Fv2%2Fmedia&parent=1239"}],"curies":[{"name":"wp","href":"https:\/\/api.w.org\/{rel}","templated":true}]}}