{"id":1247,"date":"2023-11-02T13:20:21","date_gmt":"2023-11-02T13:20:21","guid":{"rendered":"https:\/\/terrasec.eu\/?page_id=1247"},"modified":"2023-11-02T13:21:21","modified_gmt":"2023-11-02T13:21:21","slug":"sicherheit-bei-ihrer-veranstaltung","status":"publish","type":"page","link":"https:\/\/terrasec.eu\/?page_id=1247","title":{"rendered":"Sicherheit bei Ihrer Veranstaltung"},"content":{"rendered":"<div class=\"wpb-content-wrapper\"><p>[vc_row full_height=&#8220;yes&#8220; row_type=&#8220;full_width&#8220; type=&#8220;container&#8220;][vc_column p_top=&#8220;58px&#8220; p_bottom=&#8220;10px&#8220;][vc_empty_space height=&#8220;125px&#8220;]<div class=\"wbc-heading clearfix\"><h1 class=\"default-heading\" >Wir sorgen f\u00fcr Sicherheit bei Ihren Veranstaltungen!<\/h1><\/div>[vc_empty_space height=&#8220;50px&#8220;][vc_column_text]Bei Messen, Firmenevents, Kongressen, Schulungen, Betriebs- oder Aktion\u00e4rsversammlungen sichern wir Ihre Veranstaltung im jeweils erforderlichen Umfang.<\/p>\n<p>Sperrbereiche, Zugangskontrollen sowie Taschenkontrollen sind nur einige der m\u00f6glichen Sicherheitsma\u00dfnahmen rund um Ihre Veranstaltung.<\/p>\n<p>Zus\u00e4tzlich k\u00f6nnen wir spezielle Empfangsdienste im Eingangsbereich f\u00fcr Sie organisieren und sorgen so f\u00fcr einen professionellen Empfang Ihrer G\u00e4ste, Kunden, Mitarbeiter oder anderer Personen.<\/p>\n<p>Unsere Mitarbeiter arbeiten eng mit Ihnen, den Beh\u00f6rden und der Polizei zusammen. Der st\u00e4ndige Kontakt und Austausch zwischen allen Beteiligten und dem Sicherheitspersonal ist in jedem Moment wichtig, in kritischen Momenten sehr wichtig, wenn nicht sogar entscheidend.<\/p>\n<p><strong>Mit \u00dcbersicht und Ordnung wird Ihre Veranstaltung ein Erfolg!<\/strong>[\/vc_column_text][\/vc_column][\/vc_row]<\/p>\n<\/div>","protected":false},"excerpt":{"rendered":"<p>[vc_row full_height=&#8220;yes&#8220; row_type=&#8220;full_width&#8220; type=&#8220;container&#8220;][vc_column p_top=&#8220;58px&#8220; p_bottom=&#8220;10px&#8220;][vc_empty_space height=&#8220;125px&#8220;][vc_empty_space height=&#8220;50px&#8220;][vc_column_text]Bei Messen, Firmenevents, Kongressen, Schulungen, Betriebs- oder Aktion\u00e4rsversammlungen sichern wir Ihre Veranstaltung im jeweils erforderlichen Umfang. Sperrbereiche, Zugangskontrollen sowie Taschenkontrollen sind nur einige der m\u00f6glichen Sicherheitsma\u00dfnahmen rund um Ihre Veranstaltung. Zus\u00e4tzlich k\u00f6nnen wir spezielle Empfangsdienste im Eingangsbereich f\u00fcr Sie organisieren und sorgen so f\u00fcr einen professionellen Empfang Ihrer [&hellip;]<\/p>\n","protected":false},"author":2,"featured_media":1149,"parent":0,"menu_order":22,"comment_status":"open","ping_status":"open","template":"template-page-full.php","meta":{"footnotes":""},"_links":{"self":[{"href":"https:\/\/terrasec.eu\/index.php?rest_route=\/wp\/v2\/pages\/1247"}],"collection":[{"href":"https:\/\/terrasec.eu\/index.php?rest_route=\/wp\/v2\/pages"}],"about":[{"href":"https:\/\/terrasec.eu\/index.php?rest_route=\/wp\/v2\/types\/page"}],"author":[{"embeddable":true,"href":"https:\/\/terrasec.eu\/index.php?rest_route=\/wp\/v2\/users\/2"}],"replies":[{"embeddable":true,"href":"https:\/\/terrasec.eu\/index.php?rest_route=%2Fwp%2Fv2%2Fcomments&post=1247"}],"version-history":[{"count":2,"href":"https:\/\/terrasec.eu\/index.php?rest_route=\/wp\/v2\/pages\/1247\/revisions"}],"predecessor-version":[{"id":1249,"href":"https:\/\/terrasec.eu\/index.php?rest_route=\/wp\/v2\/pages\/1247\/revisions\/1249"}],"wp:featuredmedia":[{"embeddable":true,"href":"https:\/\/terrasec.eu\/index.php?rest_route=\/wp\/v2\/media\/1149"}],"wp:attachment":[{"href":"https:\/\/terrasec.eu\/index.php?rest_route=%2Fwp%2Fv2%2Fmedia&parent=1247"}],"curies":[{"name":"wp","href":"https:\/\/api.w.org\/{rel}","templated":true}]}}