{"id":542,"date":"2015-11-26T12:31:50","date_gmt":"2015-11-26T12:31:50","guid":{"rendered":"http:\/\/yoursite.com\/demo\/?page_id=542"},"modified":"2024-02-08T12:53:13","modified_gmt":"2024-02-08T12:53:13","slug":"ihre-sicherheit-ist-uns-aufgabe-und-ziel","status":"publish","type":"page","link":"https:\/\/terrasec.eu\/","title":{"rendered":"Homepage"},"content":{"rendered":"<div class=\"wpb-content-wrapper\"><p>[vc_row full_height=&#8220;yes&#8220; row_align=&#8220;align_middle&#8220; row_type=&#8220;full_width&#8220; type=&#8220;container&#8220; bg_select=&#8220;bg_parallax&#8220; parallax_speed=&#8220;4&#8243; parallax_img=&#8220;1211&#8243;][vc_column content_align=&#8220;text-center&#8220;][vc_single_image image=&#8220;1209&#8243; alignment=&#8220;center&#8220;]<div class=\"wbc-heading clearfix\"><h3 class=\"special-heading-1 sm-responsive-text-15\" style=\"font-size:30.5px;color:#ffffff;margin-bottom:0px;margin-top:30px;\">Willkommen bei<\/h3><\/div><div class=\"wbc-heading clearfix\"><h2 class=\"special-heading-3 sm-responsive-text-40\" style=\"font-size:65px;line-height:60px;color:#ffffff;margin-bottom:20px;\">TerraSec Sicherheitsdienste e.K.<\/h2><\/div><div class=\"wbc-heading clearfix\"><div class=\"default-heading\" style=\"font-size:15px;color:rgba(255,255,255,0.7);margin-bottom:45px;margin-right:auto;margin-left:auto;max-width:600px;\">Ihre Sicherheit ist uns Aufgabe und Ziel!<\/div><\/div><a style=\"font-size:15px;background-color:rgba(255,255,255,0.01);border-color:#ffffff;width:180px;margin-bottom:10px;margin-right:7.5px;margin-left:7.5px;padding-bottom:15px;padding-top:15px;\" class=\"wbc-button button btn-primary scrollable no-hover\" href=\"#about\" target=\"_self\"  >weitere Informationen<\/a>[\/vc_column][\/vc_row][vc_row row_type=&#8220;full_width&#8220; type=&#8220;container&#8220; bg_select=&#8220;bg_color_section&#8220; p_top=&#8220;60&#8243; p_bottom=&#8220;20&#8243; border_color=&#8220;#ebebeb&#8220; bg_color=&#8220;#ffffff&#8220; anchor=&#8220;about&#8220;][vc_column content_align=&#8220;text-center&#8220;]<div class=\"wbc-heading clearfix\"><h1 class=\"special-heading-3\" style=\"font-size:45px;text-align:center;\">\u00dcber Uns<\/h1><\/div>[vc_column_text]Ihre Sicherheit ist uns Aufgabe und Ziel!<\/p>\n<p>\u00dcber zwanzigj\u00e4hrige Berufserfahrung, Kompetenz, Fachwissen und st\u00e4ndige Weiterbildung machen TerraSec Sicherheitsdienste zu einem starken Partner.<\/p>\n<p>TerraSec legt Wert auf pers\u00f6nliche und vertrauensvolle Betreuung, diskrete Abwicklung und direkte Umsetzung der Dienstleistungen.<\/p>\n<p>Jeder Dienstleistungsauftrag wird durch unser Qualit\u00e4tsmanagement nach DIN 77200 und ISO 9001:2008 gesteuert.<\/p>\n<p>Mit unserem inhabergef\u00fchrten Unternehmen haben Sie jederzeit als Ansprechpartner die oberste F\u00fchrungsebene und profitieren so von unseren flachen Hierarchien.<\/p>\n<p>Was macht Sicherheit aus?<\/p>\n<p>Im Bereich Sicherheit arbeiten wir ausschlie\u00dflich mit Konzepten, die speziell auf Sie ausgerichtet sind. Nur im engen Kontakt mit Ihnen und mit angepassten L\u00f6sungen k\u00f6nnen wir Sicherheit garantieren und jederzeit optimieren.<\/p>\n<p><strong><em>Wir<\/em><\/strong>analysieren<strong><em>Sicherheitsrisiken<\/em><\/strong>.<\/p>\n<p><em><strong>Wir<\/strong> <\/em>erstellen <strong><em>Sicherheitskonzepte<\/em>.<\/strong><\/p>\n<p><strong><em>Wir<\/em> <\/strong>f\u00fchren <strong><em>gezielt Ihre Anweisungen aus.<\/em><\/strong><\/p>\n<p><strong>Wir<\/strong> pr\u00fcfen <strong><em>und kontrollieren Ihre Sicherheit.<\/em><\/strong>[\/vc_column_text][\/vc_column][\/vc_row][vc_row row_type=&#8220;full_width&#8220; type=&#8220;full_screen&#8220; bg_select=&#8220;bg_color_section&#8220; font_color=&#8220;#ffffff&#8220; bg_color=&#8220;#ffffff&#8220; border_color=&#8220;#ebebeb&#8220;][vc_column content_align=&#8220;text-center&#8220;][vc_empty_space height=&#8220;100px&#8220;][vc_row_inner][vc_column_inner width=&#8220;1\/4&#8243;][\/vc_column_inner][vc_column_inner width=&#8220;1\/4&#8243;][vc_single_image image=&#8220;1127&#8243; img_size=&#8220;240&#215;240&#8243; add_caption=&#8220;yes&#8220; alignment=&#8220;center&#8220; onclick=&#8220;custom_link&#8220; title=&#8220;Werk und Objektschutz&#8220; link=&#8220;https:\/\/terrasec.eu\/?page_id=1239&#8243;]<div style=\"text-align:center\"><a style=\"width:240px;\" class=\"wbc-button button btn-primary no-hover\" href=\"https:\/\/terrasec.eu\/?page_id=1239\" target=\"_self\"  >Mehr erfahren<\/a><\/div>[\/vc_column_inner][vc_column_inner width=&#8220;1\/4&#8243;][vc_single_image image=&#8220;1138&#8243; img_size=&#8220;240&#215;240&#8243; add_caption=&#8220;yes&#8220; alignment=&#8220;center&#8220; onclick=&#8220;custom_link&#8220; title=&#8220;Rechenzentren Sicherheit&#8220; link=&#8220;https:\/\/terrasec.eu\/?page_id=1245&#8243;]<div style=\"text-align:center\"><a style=\"width:240px;\" class=\"wbc-button button btn-primary no-hover\" href=\"https:\/\/terrasec.eu\/?page_id=1245\" target=\"_self\"  >Mehr erfahren<\/a><\/div>[\/vc_column_inner][vc_column_inner width=&#8220;1\/4&#8243;][\/vc_column_inner][\/vc_row_inner][vc_empty_space height=&#8220;50px&#8220;][vc_row_inner][vc_column_inner width=&#8220;1\/4&#8243;][\/vc_column_inner][vc_column_inner width=&#8220;1\/4&#8243;][vc_single_image image=&#8220;1149&#8243; img_size=&#8220;240&#215;240&#8243; add_caption=&#8220;yes&#8220; alignment=&#8220;center&#8220; onclick=&#8220;custom_link&#8220; title=&#8220;Sicherheit bei Ihrer Veranstaltung&#8220; link=&#8220;https:\/\/terrasec.eu\/?page_id=1247&#8243;]<div style=\"text-align:center\"><a style=\"width:240px;\" class=\"wbc-button button btn-primary no-hover\" href=\"https:\/\/terrasec.eu\/?page_id=1247\" target=\"_self\"  >Mehr erfahren<\/a><\/div>[\/vc_column_inner][vc_column_inner width=&#8220;1\/4&#8243;][vc_single_image image=&#8220;1157&#8243; img_size=&#8220;240&#215;240&#8243; add_caption=&#8220;yes&#8220; alignment=&#8220;center&#8220; onclick=&#8220;custom_link&#8220; title=&#8220;Pfortendienste&#8220; link=&#8220;https:\/\/terrasec.eu\/?page_id=1250&#8243;]<div style=\"text-align:center\"><a style=\"width:240px;\" class=\"wbc-button button btn-primary no-hover\" href=\"https:\/\/terrasec.eu\/?page_id=1250\" target=\"_self\"  >Mehr erfahren<\/a><\/div>[\/vc_column_inner][vc_column_inner width=&#8220;1\/4&#8243;][\/vc_column_inner][\/vc_row_inner][vc_empty_space height=&#8220;100px&#8220;][\/vc_column][\/vc_row][vc_row row_type=&#8220;full_width&#8220; type=&#8220;container&#8220; bg_select=&#8220;bg_color_section&#8220; p_top=&#8220;58&#8243; p_bottom=&#8220;10&#8243; border_color=&#8220;#ebebeb&#8220; bg_color=&#8220;#ffffff&#8220; anchor=&#8220;services&#8220;][vc_column]<div class=\"wbc-heading clearfix\"><div class=\"default-heading\" style=\"font-size:15px;color:#a8a8a8;text-align:center;\">unsere<\/div><\/div><div class=\"wbc-heading clearfix\"><h3 class=\"special-heading-3\" style=\"font-size:45px;text-align:center;\">Dienstleistungen<\/h3><\/div>[\/vc_column][vc_column width=&#8220;1\/3&#8243;]<div class=\"wbc-icon-box clearfix icon-center\" style=\"margin-bottom:40px;\"><div class=\"wbc-icon-wrapper wbc-icon-style-2 icon-circle\" style=\"border-radius:4px;\"><span class=\"wbc-icon\" style=\"font-size:40px;\"><i class=\"wbc-font-icon fa fa-cogs\"><\/i><\/span><\/div>\n<div class=\"wbc-box-content\"><h4 >Werk- und Objektschutz<\/h4><p>TerraSec sorgt f\u00fcr Sicherheit in Ihrem Unternehmen. Eine unserer Hauptt\u00e4tigkeiten ist der Schutz, die Sicherheit und die \u00dcberwachung Ihrer\u2026<\/p>\n<\/div><\/div><div class=\"wbc-icon-box clearfix icon-center\" style=\"margin-bottom:40px;\"><div class=\"wbc-icon-wrapper wbc-icon-style-2 icon-circle\" style=\"border-radius:4px;\"><span class=\"wbc-icon\" style=\"font-size:40px;\"><i class=\"wbc-font-icon fa fa-cloud-download\"><\/i><\/span><\/div>\n<div class=\"wbc-box-content\"><h4 >Rechenzentren Sicherheit<\/h4><p>Auch wenn sich die modernen Rechenzentren heute immer schneller und h\u00e4ufiger neuen Gefahren stellen m\u00fcssen, so ist der physische Zugangsschutz\u2026<\/p>\n<\/div><\/div>[\/vc_column][vc_column width=&#8220;1\/3&#8243;]<div class=\"wbc-icon-box clearfix icon-center\" style=\"margin-bottom:40px;\"><div class=\"wbc-icon-wrapper wbc-icon-style-2 icon-circle\" style=\"border-radius:4px;\"><span class=\"wbc-icon\" style=\"font-size:40px;\"><i class=\"wbc-font-icon fa fa-camera-retro\"><\/i><\/span><\/div>\n<div class=\"wbc-box-content\"><h4 >Parkraummanagement<\/h4><p>Wir stellen Ihnen geschulte und engagierte Hostessen zur Seite, helfen bei der Planung und stimmen das Gesamtkonzept mit Ihnen ab.\u2026<\/p>\n<\/div><\/div><div class=\"wbc-icon-box clearfix icon-center\" style=\"margin-bottom:40px;\"><div class=\"wbc-icon-wrapper wbc-icon-style-2 icon-circle\" style=\"border-radius:4px;\"><span class=\"wbc-icon\" style=\"font-size:40px;\"><i class=\"wbc-font-icon fa fa-home\"><\/i><\/span><\/div>\n<div class=\"wbc-box-content\"><h4 >Sicherheit bei Ihrer Veranstaltung<\/h4><p>Wir sorgen f\u00fcr Sicherheit bei Ihren Veranstaltungen! Bei Messen, Firmenevents, Kongressen, Schulungen, Betriebs- oder Aktion\u00e4rsversammlungen sichern wir Ihre Veranstaltung im\u2026<\/p>\n<\/div><\/div>[\/vc_column][vc_column width=&#8220;1\/3&#8243;]<div class=\"wbc-icon-box clearfix icon-center\" style=\"margin-bottom:40px;\"><div class=\"wbc-icon-wrapper wbc-icon-style-2 icon-circle\" style=\"border-radius:4px;\"><span class=\"wbc-icon\" style=\"font-size:40px;\"><i class=\"wbc-font-icon fa fa-magic\"><\/i><\/span><\/div>\n<div class=\"wbc-box-content\"><h4 >Pfortendienste<\/h4><p>Hier kommen Ihre Lieferanten oder auch beauftragte Handwerksunternehmen mit ihren Waren und Fahrzeugen an. Unsere Mitarbeiter \u00fcberpr\u00fcfen die Zufahrts- und\u2026<\/p>\n<\/div><\/div><div class=\"wbc-icon-box clearfix icon-center\" style=\"margin-bottom:40px;\"><div class=\"wbc-icon-wrapper wbc-icon-style-2 icon-circle\" style=\"border-radius:4px;\"><span class=\"wbc-icon\" style=\"font-size:40px;\"><i class=\"wbc-font-icon fa fa-arrows\"><\/i><\/span><\/div>\n<div class=\"wbc-box-content\"><h4 >Empfangsdienste<\/h4><p>Wir empfangen Ihre Besucher! Empfangspl\u00e4tze und Terminals Telefonzentralen und Infobereiche B\u00fcrozug\u00e4nge Veranstaltungsservice Garderobenbereiche Hotel und Gastronomie Unsere Mitarbeiter\/innen sind besonders\u2026<\/p>\n<\/div><\/div>[\/vc_column][\/vc_row][vc_row row_type=&#8220;full_width&#8220; type=&#8220;container&#8220; p_top=&#8220;58px&#8220; p_bottom=&#8220;10px&#8220; bg_color=&#8220;#cccccc&#8220; anchor=&#8220;contact&#8220;][vc_column width=&#8220;1\/3&#8243;][vc_column_text]Hier k\u00f6nnen sie uns eine Nachricht zukommen lassen.<br \/>\nWir werden umgehend Ihre Anfrage bearbeiten bzw. mit Ihnen in Kontakt treten.<\/p>\n<p>Gesch\u00e4ftsstelle<br \/>\nTerraSec Sicherheitsdienste e.K.<br \/>\nBerta-Cramer-Ring 40<br \/>\nD-65205 Wiesbaden<\/p>\n<p>Telefon: +49 (0)61 22 &#8211; 170920<br \/>\nFax: +49 (0)61 22 &#8211; 17092 55<br \/>\nE-mail: info@terraSec.eu[\/vc_column_text][\/vc_column][vc_column width=&#8220;2\/3&#8243;]\n<div class=\"wpcf7 no-js\" id=\"wpcf7-f1166-o1\" lang=\"de-DE\" dir=\"ltr\">\n<div class=\"screen-reader-response\"><p role=\"status\" aria-live=\"polite\" aria-atomic=\"true\"><\/p> <ul><\/ul><\/div>\n<form action=\"\/index.php?rest_route=%2Fwp%2Fv2%2Fpages%2F542#wpcf7-f1166-o1\" method=\"post\" class=\"wpcf7-form init\" aria-label=\"Kontaktformular\" novalidate=\"novalidate\" data-status=\"init\">\n<div style=\"display: none;\">\n<input type=\"hidden\" name=\"_wpcf7\" value=\"1166\" \/>\n<input type=\"hidden\" name=\"_wpcf7_version\" value=\"5.8.2\" \/>\n<input type=\"hidden\" name=\"_wpcf7_locale\" value=\"de_DE\" \/>\n<input type=\"hidden\" name=\"_wpcf7_unit_tag\" value=\"wpcf7-f1166-o1\" \/>\n<input type=\"hidden\" name=\"_wpcf7_container_post\" value=\"0\" \/>\n<input type=\"hidden\" name=\"_wpcf7_posted_data_hash\" value=\"\" \/>\n<\/div>\n<p>Name (Pflichtfeld)\n<\/p>\n<p><span class=\"wpcf7-form-control-wrap\" data-name=\"your-name\"><input size=\"40\" class=\"wpcf7-form-control wpcf7-text wpcf7-validates-as-required\" aria-required=\"true\" aria-invalid=\"false\" value=\"\" type=\"text\" name=\"your-name\" \/><\/span>\n<\/p>\n<p>Strasse, Nr\n<\/p>\n<p><span class=\"wpcf7-form-control-wrap\" data-name=\"your-street\"><input size=\"40\" class=\"wpcf7-form-control wpcf7-text\" aria-invalid=\"false\" value=\"\" type=\"text\" name=\"your-street\" \/><\/span>\n<\/p>\n<p>Plz, Ort\n<\/p>\n<p><span class=\"wpcf7-form-control-wrap\" data-name=\"your-city\"><input size=\"40\" class=\"wpcf7-form-control wpcf7-text\" aria-invalid=\"false\" value=\"\" type=\"text\" name=\"your-city\" \/><\/span>\n<\/p>\n<p>Telefonnummer\n<\/p>\n<p><span class=\"wpcf7-form-control-wrap\" data-name=\"your-phone\"><input size=\"40\" class=\"wpcf7-form-control wpcf7-text\" aria-invalid=\"false\" value=\"\" type=\"text\" name=\"your-phone\" \/><\/span>\n<\/p>\n<p>Wie haben Sie von uns geh\u00f6rt?\n<\/p>\n<p><span class=\"wpcf7-form-control-wrap\" data-name=\"contact-through\"><input size=\"40\" class=\"wpcf7-form-control wpcf7-text\" aria-invalid=\"false\" value=\"\" type=\"text\" name=\"contact-through\" \/><\/span>\n<\/p>\n<p>Ihre E-Mail-Adresse (Pflichtfeld)\n<\/p>\n<p><span class=\"wpcf7-form-control-wrap\" data-name=\"email\"><input size=\"40\" class=\"wpcf7-form-control wpcf7-email wpcf7-validates-as-required wpcf7-text wpcf7-validates-as-email\" aria-required=\"true\" aria-invalid=\"false\" value=\"\" type=\"email\" name=\"email\" \/><\/span>\n<\/p>\n<p>Betreff\n<\/p>\n<p><span class=\"wpcf7-form-control-wrap\" data-name=\"your-subject\"><input size=\"40\" class=\"wpcf7-form-control wpcf7-text\" aria-invalid=\"false\" value=\"\" type=\"text\" name=\"your-subject\" \/><\/span>\n<\/p>\n<p>Ihre Nachricht\n<\/p>\n<p><span class=\"wpcf7-form-control-wrap\" data-name=\"your-message\"><textarea cols=\"40\" rows=\"10\" class=\"wpcf7-form-control wpcf7-textarea\" aria-invalid=\"false\" name=\"your-message\"><\/textarea><\/span>\n<\/p>\n<p><input class=\"wpcf7-form-control wpcf7-submit has-spinner\" type=\"submit\" value=\"Abschicken\" \/>\n<\/p><div class=\"wpcf7-response-output\" aria-hidden=\"true\"><\/div>\n<\/form>\n<\/div>\n[\/vc_column][\/vc_row]<\/p>\n<\/div>","protected":false},"excerpt":{"rendered":"<p>[vc_row full_height=&#8220;yes&#8220; row_align=&#8220;align_middle&#8220; row_type=&#8220;full_width&#8220; type=&#8220;container&#8220; bg_select=&#8220;bg_parallax&#8220; parallax_speed=&#8220;4&#8243; parallax_img=&#8220;1211&#8243;][vc_column content_align=&#8220;text-center&#8220;][vc_single_image image=&#8220;1209&#8243; alignment=&#8220;center&#8220;][\/vc_column][\/vc_row][vc_row row_type=&#8220;full_width&#8220; type=&#8220;container&#8220; bg_select=&#8220;bg_color_section&#8220; p_top=&#8220;60&#8243; p_bottom=&#8220;20&#8243; border_color=&#8220;#ebebeb&#8220; bg_color=&#8220;#ffffff&#8220; anchor=&#8220;about&#8220;][vc_column content_align=&#8220;text-center&#8220;][vc_column_text]Ihre Sicherheit ist uns Aufgabe und Ziel! \u00dcber zwanzigj\u00e4hrige Berufserfahrung, Kompetenz, Fachwissen und st\u00e4ndige Weiterbildung machen TerraSec Sicherheitsdienste zu einem starken Partner. TerraSec legt Wert auf pers\u00f6nliche und vertrauensvolle Betreuung, diskrete Abwicklung und direkte Umsetzung der [&hellip;]<\/p>\n","protected":false},"author":3,"featured_media":0,"parent":0,"menu_order":0,"comment_status":"closed","ping_status":"closed","template":"template-page-full.php","meta":{"footnotes":""},"_links":{"self":[{"href":"https:\/\/terrasec.eu\/index.php?rest_route=\/wp\/v2\/pages\/542"}],"collection":[{"href":"https:\/\/terrasec.eu\/index.php?rest_route=\/wp\/v2\/pages"}],"about":[{"href":"https:\/\/terrasec.eu\/index.php?rest_route=\/wp\/v2\/types\/page"}],"author":[{"embeddable":true,"href":"https:\/\/terrasec.eu\/index.php?rest_route=\/wp\/v2\/users\/3"}],"replies":[{"embeddable":true,"href":"https:\/\/terrasec.eu\/index.php?rest_route=%2Fwp%2Fv2%2Fcomments&post=542"}],"version-history":[{"count":10,"href":"https:\/\/terrasec.eu\/index.php?rest_route=\/wp\/v2\/pages\/542\/revisions"}],"predecessor-version":[{"id":1257,"href":"https:\/\/terrasec.eu\/index.php?rest_route=\/wp\/v2\/pages\/542\/revisions\/1257"}],"wp:attachment":[{"href":"https:\/\/terrasec.eu\/index.php?rest_route=%2Fwp%2Fv2%2Fmedia&parent=542"}],"curies":[{"name":"wp","href":"https:\/\/api.w.org\/{rel}","templated":true}]}}